{"id":4970,"date":"2018-04-24T12:07:59","date_gmt":"2018-04-24T10:07:59","guid":{"rendered":"http:\/\/prestige-chateaux-uzes.com\/v2\/?page_id=4970"},"modified":"2022-06-20T11:47:11","modified_gmt":"2022-06-20T09:47:11","slug":"mentions-legales","status":"publish","type":"page","link":"https:\/\/prestige-chateaux-uzes.com\/en\/mentions-legales\/","title":{"rendered":"Legal Notices"},"content":{"rendered":"<p><strong>Tanya Cav\u00e9-Darbey<\/strong><br \/>\nAgent Commercial Immobilier. Entrepreneur Individuel.<br \/>\nPrestige &amp; Ch\u00e2teaux<br \/>\nEmail : t.darbey@prestigechateaux.com<br \/>\nTel :+33 (0) 6 07 10 09 41<br \/>\nSiret: 353 244 908 00029<br \/>\nC.P.I\u00a0 8401 2018 000 026549 C.C.I. Vaucluse<\/p>\n<p><strong>Groupe<\/strong><br \/>\nERIC MEY DEVELOPPEMENT &#8211; 4, Rue de Tourre &#8211; 84100 ORANGE<br \/>\nT\u00e9l. : 04.32.81.85.60 &#8211; Fax : 04.32.81.85.65 &#8211; mail :\u00a0<a class=\"m_2300234721325848153moz-txt-link-abbreviated\" href=\"mailto:info@eric-mey.com\" target=\"_blank\" rel=\"noopener\">info@eric-mey.com<\/a><br \/>\nS.A.R.L. au capital de 300.000 \u20ac &#8211; R.C.S. Avignon N\u00b0 B 442 971 784 Directeur : Guillaume EYMERIC, DESS Droit Immobilier<br \/>\nCarte Professionnelle \u201cTransactions\u201d n\u00b0 CPI : 8401 2018 000 026 549 d\u00e9livr\u00e9e par la CCI de Vaucluse Compte bancaire n\u00b0 0003910041482 : sur BNP Paribas &#8211; 84100 ORANGE<br \/>\nGarant : QBE France &#8211; Coeur D\u00e9fense &#8211; Tour A 110, Esplanade du G\u00e9n\u00e9ral De Gaulle &#8211; 92931 La DEFENSE Cedex &#8211; Le cabinet ne re\u00e7oit aucun fonds, effets ou valeurs M\u00e9diateur : MEDICYS \u2013 73 boulevard de Clichy \u2013 75009 PARIS<br \/>\nT\u00e9l. : 01.49.70.15.95 \u2013 Mail :\u00a0<a class=\"m_2300234721325848153moz-txt-link-abbreviated\" href=\"mailto:contact@medicys.fr\" target=\"_blank\" rel=\"noopener\">contact@medicys.fr<\/a>\u00a0\u2013\u00a0<a class=\"m_2300234721325848153moz-txt-link-abbreviated\" href=\"http:\/\/www.medicys.fr\/\" target=\"_blank\" rel=\"noopener\" data-saferedirecturl=\"https:\/\/www.google.com\/url?q=http:\/\/www.medicys.fr&amp;source=gmail&amp;ust=1539294181992000&amp;usg=AFQjCNFXu4AKAKPwUp2Q3ecCUy5r7fvp1g\">www.medicys.fr<\/a><\/p>\n<p><strong>Tanya<\/strong><br \/>\nRSAC Nimes 353 244 908<br \/>\nT.V.A : FR 363 532 44 908<\/p>\n<p>Directeur de la publication : Tanya Cav\u00e9-Darbey<\/p>\n<p>Cr\u00e9ation &amp; design : <a href=\"mailto:lloydcave22@gmail.com\">Lloyd Cav\u00e9<\/a><\/p>\n<p>H\u00e9bergement :\u00a0Magic Online, 130-134 Avenue du Pr\u00e9sident Wilson 93512 Montreuil sous Bois Cedex, Tel: +33.1.41.58.22.50 \u2013 Email : info@magic.fr<\/p>\n<p>Bar\u00e8mes applicables:<br \/>\nII &#8211; TERRAINS : 11 % TTC<\/p>\n<p>III &#8211; \u201cPRESTIGE &amp; CH\u00c2TEAUX\u201d :<br \/>\nJusqu\u2019\u00e0 450 000 \u20ac 6% TTC<br \/>\nDe 450 001 \u20ac \u00e0 1 500 000 \u20ac 5% TTC<br \/>\nPlus de 1 500 000 \u20ac 4% TTC<\/p>\n<p>AVIS DE VALEUR<br \/>\nI &#8211; HABITATION : 500 \u20ac TTC<br \/>\nII &#8211; COMMERCIAL : 900 \u20ac TTC<\/p>\n<p>Tous nos biens sont affich\u00e9s : <strong>HONORAIRES\u00a0 A LA CHARGE DU VENDEUR<\/strong><\/p>\n<p>All our properties are shown: <strong>AGENCY FEES AT THE VENDORS CHARGE<\/strong><\/p>\n<p><strong>IMPORTANT : Les documents d\u2019identit\u00e9 seront \u00e0 produire au pr\u00e9alable de chaque visite, selon la r\u00e9glementation en cours.<\/strong><\/p>\n<p><strong>IMPORTANT: Identity papers will be required before each viewing, as according to French legislation.<\/strong><\/p>\n","protected":false},"excerpt":{"rendered":"<p>Tanya Cav\u00e9-Darbey Agent Commercial Immobilier. Entrepreneur Individuel. Prestige &amp; Ch\u00e2teaux Email : t.darbey@prestigechateaux.com Tel :+33 (0) 6 07 10 09 41 Siret: 353 244 908 00029 C.P.I\u00a0 8401 2018 000 026549 C.C.I. Vaucluse Groupe ERIC MEY DEVELOPPEMENT &#8211; 4, Rue de Tourre &#8211; 84100 ORANGE T\u00e9l. : 04.32.81.85.60 &#8211; Fax : 04.32.81.85.65 &#8211; mail :\u00a0info@eric-mey.com&#8230;<\/p>\n","protected":false},"author":382,"featured_media":0,"parent":0,"menu_order":0,"comment_status":"closed","ping_status":"closed","template":"","meta":{"_monsterinsights_skip_tracking":false,"_monsterinsights_sitenote_active":false,"_monsterinsights_sitenote_note":"","_monsterinsights_sitenote_category":0,"footnotes":""},"class_list":["post-4970","page","type-page","status-publish","hentry"],"yoast_head":"<!-- This site is optimized with the Yoast SEO plugin v23.5 - https:\/\/yoast.com\/wordpress\/plugins\/seo\/ -->\n<title>Legal Notices | Tanya Cav\u00e9-Darbey, Prestige &amp; Ch\u00e2teaux<\/title>\n<meta name=\"robots\" content=\"index, follow, max-snippet:-1, max-image-preview:large, max-video-preview:-1\" \/>\n<link rel=\"canonical\" href=\"https:\/\/prestige-chateaux-uzes.com\/en\/mentions-legales\/\" \/>\n<meta property=\"og:locale\" content=\"en_US\" \/>\n<meta property=\"og:type\" content=\"article\" \/>\n<meta property=\"og:title\" content=\"Legal Notices | Tanya Cav\u00e9-Darbey, Prestige &amp; Ch\u00e2teaux\" \/>\n<meta property=\"og:description\" content=\"Tanya Cav\u00e9-Darbey Agent Commercial Immobilier. Entrepreneur Individuel. Prestige &amp; Ch\u00e2teaux Email : t.darbey@prestigechateaux.com Tel :+33 (0) 6 07 10 09 41 Siret: 353 244 908 00029 C.P.I\u00a0 8401 2018 000 026549 C.C.I. Vaucluse Groupe ERIC MEY DEVELOPPEMENT &#8211; 4, Rue de Tourre &#8211; 84100 ORANGE T\u00e9l. : 04.32.81.85.60 &#8211; Fax : 04.32.81.85.65 &#8211; mail :\u00a0info@eric-mey.com...\" \/>\n<meta property=\"og:url\" content=\"https:\/\/prestige-chateaux-uzes.com\/en\/mentions-legales\/\" \/>\n<meta property=\"og:site_name\" content=\"Tanya Cav\u00e9-Darbey, Prestige &amp; Ch\u00e2teaux\" \/>\n<meta property=\"article:publisher\" content=\"https:\/\/www.facebook.com\/TanyaCaveDarbey\/\" \/>\n<meta property=\"article:modified_time\" content=\"2022-06-20T09:47:11+00:00\" \/>\n<meta name=\"twitter:card\" content=\"summary_large_image\" \/>\n<meta name=\"twitter:label1\" content=\"Est. reading time\" \/>\n\t<meta name=\"twitter:data1\" content=\"2 minutes\" \/>\n<script type=\"application\/ld+json\" class=\"yoast-schema-graph\">{\"@context\":\"https:\/\/schema.org\",\"@graph\":[{\"@type\":\"WebPage\",\"@id\":\"https:\/\/prestige-chateaux-uzes.com\/en\/mentions-legales\/\",\"url\":\"https:\/\/prestige-chateaux-uzes.com\/en\/mentions-legales\/\",\"name\":\"Legal Notices | Tanya Cav\u00e9-Darbey, Prestige &amp; Ch\u00e2teaux\",\"isPartOf\":{\"@id\":\"https:\/\/prestige-chateaux-uzes.com\/en\/#website\"},\"datePublished\":\"2018-04-24T10:07:59+00:00\",\"dateModified\":\"2022-06-20T09:47:11+00:00\",\"breadcrumb\":{\"@id\":\"https:\/\/prestige-chateaux-uzes.com\/en\/mentions-legales\/#breadcrumb\"},\"inLanguage\":\"en-US\",\"potentialAction\":[{\"@type\":\"ReadAction\",\"target\":[[\"https:\/\/prestige-chateaux-uzes.com\/en\/mentions-legales\/\"]]}]},{\"@type\":\"BreadcrumbList\",\"@id\":\"https:\/\/prestige-chateaux-uzes.com\/en\/mentions-legales\/#breadcrumb\",\"itemListElement\":[{\"@type\":\"ListItem\",\"position\":1,\"name\":\"Accueil\",\"item\":\"https:\/\/prestige-chateaux-uzes.com\/en\/\"},{\"@type\":\"ListItem\",\"position\":2,\"name\":\"Mentions l\u00e9gales\"}]},{\"@type\":\"WebSite\",\"@id\":\"https:\/\/prestige-chateaux-uzes.com\/en\/#website\",\"url\":\"https:\/\/prestige-chateaux-uzes.com\/en\/\",\"name\":\"Tanya Cav\u00e9-Darbey, Prestige &amp; Ch\u00e2teaux\",\"description\":\"French luxury real-estate in Provence, Uz\u00e8s, the Ceze Valley, Avignon and N\u00eemes\",\"publisher\":{\"@id\":\"https:\/\/prestige-chateaux-uzes.com\/en\/#organization\"},\"potentialAction\":[{\"@type\":\"SearchAction\",\"target\":{\"@type\":\"EntryPoint\",\"urlTemplate\":\"https:\/\/prestige-chateaux-uzes.com\/en\/?s={search_term_string}\"},\"query-input\":{\"@type\":\"PropertyValueSpecification\",\"valueRequired\":true,\"valueName\":\"search_term_string\"}}],\"inLanguage\":\"en-US\"},{\"@type\":\"Organization\",\"@id\":\"https:\/\/prestige-chateaux-uzes.com\/en\/#organization\",\"name\":\"Tanya Cav\u00e9 Darbey, Agent commercial Prestige & Ch\u00e2teaux\",\"url\":\"https:\/\/prestige-chateaux-uzes.com\/en\/\",\"logo\":{\"@type\":\"ImageObject\",\"inLanguage\":\"en-US\",\"@id\":\"https:\/\/prestige-chateaux-uzes.com\/en\/#\/schema\/logo\/image\/\",\"url\":\"http:\/\/prestige-chateaux-uzes.com\/wp-content\/uploads\/2018\/04\/logo-tanya-cave-darbey-black.png\",\"contentUrl\":\"http:\/\/prestige-chateaux-uzes.com\/wp-content\/uploads\/2018\/04\/logo-tanya-cave-darbey-black.png\",\"width\":300,\"height\":68,\"caption\":\"Tanya Cav\u00e9 Darbey, Agent commercial Prestige & Ch\u00e2teaux\"},\"image\":{\"@id\":\"https:\/\/prestige-chateaux-uzes.com\/en\/#\/schema\/logo\/image\/\"},\"sameAs\":[\"https:\/\/www.facebook.com\/TanyaCaveDarbey\/\",\"https:\/\/www.linkedin.com\/in\/tanya-cav\u00e9-darbey-3379a223\"]}]}<\/script>\n<!-- \/ Yoast SEO plugin. -->","yoast_head_json":{"title":"Legal Notices | Tanya Cav\u00e9-Darbey, Prestige &amp; Ch\u00e2teaux","robots":{"index":"index","follow":"follow","max-snippet":"max-snippet:-1","max-image-preview":"max-image-preview:large","max-video-preview":"max-video-preview:-1"},"canonical":"https:\/\/prestige-chateaux-uzes.com\/en\/mentions-legales\/","og_locale":"en_US","og_type":"article","og_title":"Legal Notices | Tanya Cav\u00e9-Darbey, Prestige &amp; Ch\u00e2teaux","og_description":"Tanya Cav\u00e9-Darbey Agent Commercial Immobilier. Entrepreneur Individuel. Prestige &amp; Ch\u00e2teaux Email : t.darbey@prestigechateaux.com Tel :+33 (0) 6 07 10 09 41 Siret: 353 244 908 00029 C.P.I\u00a0 8401 2018 000 026549 C.C.I. Vaucluse Groupe ERIC MEY DEVELOPPEMENT &#8211; 4, Rue de Tourre &#8211; 84100 ORANGE T\u00e9l. : 04.32.81.85.60 &#8211; Fax : 04.32.81.85.65 &#8211; mail :\u00a0info@eric-mey.com...","og_url":"https:\/\/prestige-chateaux-uzes.com\/en\/mentions-legales\/","og_site_name":"Tanya Cav\u00e9-Darbey, Prestige &amp; Ch\u00e2teaux","article_publisher":"https:\/\/www.facebook.com\/TanyaCaveDarbey\/","article_modified_time":"2022-06-20T09:47:11+00:00","twitter_card":"summary_large_image","twitter_misc":{"Est. reading time":"2 minutes"},"schema":{"@context":"https:\/\/schema.org","@graph":[{"@type":"WebPage","@id":"https:\/\/prestige-chateaux-uzes.com\/en\/mentions-legales\/","url":"https:\/\/prestige-chateaux-uzes.com\/en\/mentions-legales\/","name":"Legal Notices | Tanya Cav\u00e9-Darbey, Prestige &amp; Ch\u00e2teaux","isPartOf":{"@id":"https:\/\/prestige-chateaux-uzes.com\/en\/#website"},"datePublished":"2018-04-24T10:07:59+00:00","dateModified":"2022-06-20T09:47:11+00:00","breadcrumb":{"@id":"https:\/\/prestige-chateaux-uzes.com\/en\/mentions-legales\/#breadcrumb"},"inLanguage":"en-US","potentialAction":[{"@type":"ReadAction","target":[["https:\/\/prestige-chateaux-uzes.com\/en\/mentions-legales\/"]]}]},{"@type":"BreadcrumbList","@id":"https:\/\/prestige-chateaux-uzes.com\/en\/mentions-legales\/#breadcrumb","itemListElement":[{"@type":"ListItem","position":1,"name":"Accueil","item":"https:\/\/prestige-chateaux-uzes.com\/en\/"},{"@type":"ListItem","position":2,"name":"Mentions l\u00e9gales"}]},{"@type":"WebSite","@id":"https:\/\/prestige-chateaux-uzes.com\/en\/#website","url":"https:\/\/prestige-chateaux-uzes.com\/en\/","name":"Tanya Cav\u00e9-Darbey, Prestige &amp; Ch\u00e2teaux","description":"French luxury real-estate in Provence, Uz\u00e8s, the Ceze Valley, Avignon and N\u00eemes","publisher":{"@id":"https:\/\/prestige-chateaux-uzes.com\/en\/#organization"},"potentialAction":[{"@type":"SearchAction","target":{"@type":"EntryPoint","urlTemplate":"https:\/\/prestige-chateaux-uzes.com\/en\/?s={search_term_string}"},"query-input":{"@type":"PropertyValueSpecification","valueRequired":true,"valueName":"search_term_string"}}],"inLanguage":"en-US"},{"@type":"Organization","@id":"https:\/\/prestige-chateaux-uzes.com\/en\/#organization","name":"Tanya Cav\u00e9 Darbey, Agent commercial Prestige & Ch\u00e2teaux","url":"https:\/\/prestige-chateaux-uzes.com\/en\/","logo":{"@type":"ImageObject","inLanguage":"en-US","@id":"https:\/\/prestige-chateaux-uzes.com\/en\/#\/schema\/logo\/image\/","url":"http:\/\/prestige-chateaux-uzes.com\/wp-content\/uploads\/2018\/04\/logo-tanya-cave-darbey-black.png","contentUrl":"http:\/\/prestige-chateaux-uzes.com\/wp-content\/uploads\/2018\/04\/logo-tanya-cave-darbey-black.png","width":300,"height":68,"caption":"Tanya Cav\u00e9 Darbey, Agent commercial Prestige & Ch\u00e2teaux"},"image":{"@id":"https:\/\/prestige-chateaux-uzes.com\/en\/#\/schema\/logo\/image\/"},"sameAs":["https:\/\/www.facebook.com\/TanyaCaveDarbey\/","https:\/\/www.linkedin.com\/in\/tanya-cav\u00e9-darbey-3379a223"]}]}},"_links":{"self":[{"href":"https:\/\/prestige-chateaux-uzes.com\/en\/wp-json\/wp\/v2\/pages\/4970"}],"collection":[{"href":"https:\/\/prestige-chateaux-uzes.com\/en\/wp-json\/wp\/v2\/pages"}],"about":[{"href":"https:\/\/prestige-chateaux-uzes.com\/en\/wp-json\/wp\/v2\/types\/page"}],"author":[{"embeddable":true,"href":"https:\/\/prestige-chateaux-uzes.com\/en\/wp-json\/wp\/v2\/users\/382"}],"replies":[{"embeddable":true,"href":"https:\/\/prestige-chateaux-uzes.com\/en\/wp-json\/wp\/v2\/comments?post=4970"}],"version-history":[{"count":0,"href":"https:\/\/prestige-chateaux-uzes.com\/en\/wp-json\/wp\/v2\/pages\/4970\/revisions"}],"wp:attachment":[{"href":"https:\/\/prestige-chateaux-uzes.com\/en\/wp-json\/wp\/v2\/media?parent=4970"}],"curies":[{"name":"wp","href":"https:\/\/api.w.org\/{rel}","templated":true}]}}