{"id":4583,"date":"2018-04-17T11:22:02","date_gmt":"2018-04-17T09:22:02","guid":{"rendered":"http:\/\/prestige-chateaux-uzes.com\/v2\/?page_id=4583"},"modified":"2023-01-03T12:01:00","modified_gmt":"2023-01-03T11:01:00","slug":"bareme","status":"publish","type":"page","link":"https:\/\/prestige-chateaux-uzes.com\/en\/bareme\/","title":{"rendered":"Rates"},"content":{"rendered":"<p>Commission rates:<\/p>\n<p><strong>II &#8211; TERRAINS : 11 % TTC <\/strong><\/p>\n<p><strong><br \/>\nIII &#8211; \u201cPRESTIGE &amp; CH\u00c2TEAUX\u201d :<br \/>\nJusqu\u2019\u00e0 450 000 \u20ac\u00a0\u00a0\u00a0\u00a0\u00a0\u00a0\u00a0\u00a0\u00a0\u00a0\u00a0\u00a0\u00a0\u00a0\u00a0\u00a0\u00a0\u00a0\u00a0\u00a0\u00a0\u00a0\u00a0\u00a0\u00a0 6% TTC<br \/>\nDe 450 001 \u20ac \u00e0 1 800 000 \u20ac\u00a0\u00a0\u00a0\u00a0\u00a0\u00a0\u00a0 5% TTC<br \/>\nPlus de 1 800 000 \u20ac \u00a0 \u00a0 \u00a0 \u00a0 \u00a0 \u00a0 \u00a0 \u00a0 \u00a0 \u00a0 \u00a0 5% TTC<\/strong><\/p>\n<p><strong><br \/>\nIV &#8211; VIAGERS :\u00a0\u00a0\u00a0\u00a0\u00a0\u00a0\u00a0\u00a0\u00a0\u00a0\u00a0\u00a0\u00a0\u00a0\u00a0\u00a0\u00a0\u00a0\u00a0\u00a0\u00a0\u00a0\u00a0\u00a0\u00a0\u00a0\u00a0\u00a0\u00a0\u00a0 15 % TTC<\/strong><\/p>\n<p><strong><br \/>\nV &#8211; FONDS DE COMMERCE (et cession de titres) : 10 % HT du prix de cession<\/strong><\/p>\n<p><strong><br \/>\nSearch Mandat:<br \/>\nThe rates remain the same and are at the charge of the buyer.<br \/>\nNo fees can be inferior\u00a0 \u00e0 5.000\u20ac TTC<br \/>\n(et 5.000\u20ac HT pour les fonds de commerce et cession de titres)<\/strong><\/p>\n<p><strong>The rates here given must be respected and applied in the majority of the transactions. Exceptions can be made only under particular circumstances.<\/strong><\/p>\n<p>All our properties are shown:<strong> Agency fees at the sellers charge<\/strong><\/p>\n<p><strong>IMPORTANT: Identity documents will be requested prior to each viewing, as according to current legislation.<\/strong><\/p>","protected":false},"excerpt":{"rendered":"<p>Commission rates: II &#8211; TERRAINS : 11 % TTC III &#8211; \u201cPRESTIGE &amp; CH\u00c2TEAUX\u201d : Jusqu\u2019\u00e0 450 000 \u20ac\u00a0\u00a0\u00a0\u00a0\u00a0\u00a0\u00a0\u00a0\u00a0\u00a0\u00a0\u00a0\u00a0\u00a0\u00a0\u00a0\u00a0\u00a0\u00a0\u00a0\u00a0\u00a0\u00a0\u00a0\u00a0 6% TTC De 450 001 \u20ac \u00e0 1 800 000 \u20ac\u00a0\u00a0\u00a0\u00a0\u00a0\u00a0\u00a0 5% TTC Plus de 1 800 000 \u20ac \u00a0 \u00a0 \u00a0 \u00a0 \u00a0 \u00a0 \u00a0 \u00a0 \u00a0 \u00a0 \u00a0 5% TTC IV &#8211; VIAGERS :\u00a0\u00a0\u00a0\u00a0\u00a0\u00a0\u00a0\u00a0\u00a0\u00a0\u00a0\u00a0\u00a0\u00a0\u00a0\u00a0\u00a0\u00a0\u00a0\u00a0\u00a0\u00a0\u00a0\u00a0\u00a0\u00a0\u00a0\u00a0\u00a0\u00a0&#8230;<\/p>\n","protected":false},"author":382,"featured_media":0,"parent":0,"menu_order":0,"comment_status":"closed","ping_status":"closed","template":"","meta":{"_monsterinsights_skip_tracking":false,"_monsterinsights_sitenote_active":false,"_monsterinsights_sitenote_note":"","_monsterinsights_sitenote_category":0,"footnotes":""},"class_list":["post-4583","page","type-page","status-publish","hentry"],"yoast_head":"<!-- This site is optimized with the Yoast SEO plugin v23.5 - https:\/\/yoast.com\/wordpress\/plugins\/seo\/ -->\n<title>Rates | Tanya Cav\u00e9-Darbey, Prestige &amp; Ch\u00e2teaux<\/title>\n<meta name=\"robots\" content=\"index, follow, max-snippet:-1, max-image-preview:large, max-video-preview:-1\" \/>\n<link rel=\"canonical\" href=\"https:\/\/prestige-chateaux-uzes.com\/en\/bareme\/\" \/>\n<meta property=\"og:locale\" content=\"en_US\" \/>\n<meta property=\"og:type\" content=\"article\" \/>\n<meta property=\"og:title\" content=\"Rates | Tanya Cav\u00e9-Darbey, Prestige &amp; Ch\u00e2teaux\" \/>\n<meta property=\"og:description\" content=\"Commission rates: II &#8211; TERRAINS : 11 % TTC III &#8211; \u201cPRESTIGE &amp; CH\u00c2TEAUX\u201d : Jusqu\u2019\u00e0 450 000 \u20ac\u00a0\u00a0\u00a0\u00a0\u00a0\u00a0\u00a0\u00a0\u00a0\u00a0\u00a0\u00a0\u00a0\u00a0\u00a0\u00a0\u00a0\u00a0\u00a0\u00a0\u00a0\u00a0\u00a0\u00a0\u00a0 6% TTC De 450 001 \u20ac \u00e0 1 800 000 \u20ac\u00a0\u00a0\u00a0\u00a0\u00a0\u00a0\u00a0 5% TTC Plus de 1 800 000 \u20ac \u00a0 \u00a0 \u00a0 \u00a0 \u00a0 \u00a0 \u00a0 \u00a0 \u00a0 \u00a0 \u00a0 5% TTC IV &#8211; VIAGERS :\u00a0\u00a0\u00a0\u00a0\u00a0\u00a0\u00a0\u00a0\u00a0\u00a0\u00a0\u00a0\u00a0\u00a0\u00a0\u00a0\u00a0\u00a0\u00a0\u00a0\u00a0\u00a0\u00a0\u00a0\u00a0\u00a0\u00a0\u00a0\u00a0\u00a0...\" \/>\n<meta property=\"og:url\" content=\"https:\/\/prestige-chateaux-uzes.com\/en\/bareme\/\" \/>\n<meta property=\"og:site_name\" content=\"Tanya Cav\u00e9-Darbey, Prestige &amp; Ch\u00e2teaux\" \/>\n<meta property=\"article:publisher\" content=\"https:\/\/www.facebook.com\/TanyaCaveDarbey\/\" \/>\n<meta property=\"article:modified_time\" content=\"2023-01-03T11:01:00+00:00\" \/>\n<meta name=\"twitter:card\" content=\"summary_large_image\" \/>\n<meta name=\"twitter:label1\" content=\"Est. reading time\" \/>\n\t<meta name=\"twitter:data1\" content=\"1 minute\" \/>\n<script type=\"application\/ld+json\" class=\"yoast-schema-graph\">{\"@context\":\"https:\/\/schema.org\",\"@graph\":[{\"@type\":\"WebPage\",\"@id\":\"https:\/\/prestige-chateaux-uzes.com\/en\/bareme\/\",\"url\":\"https:\/\/prestige-chateaux-uzes.com\/en\/bareme\/\",\"name\":\"Rates | Tanya Cav\u00e9-Darbey, Prestige &amp; Ch\u00e2teaux\",\"isPartOf\":{\"@id\":\"https:\/\/prestige-chateaux-uzes.com\/en\/#website\"},\"datePublished\":\"2018-04-17T09:22:02+00:00\",\"dateModified\":\"2023-01-03T11:01:00+00:00\",\"breadcrumb\":{\"@id\":\"https:\/\/prestige-chateaux-uzes.com\/en\/bareme\/#breadcrumb\"},\"inLanguage\":\"en-US\",\"potentialAction\":[{\"@type\":\"ReadAction\",\"target\":[[\"https:\/\/prestige-chateaux-uzes.com\/en\/bareme\/\"]]}]},{\"@type\":\"BreadcrumbList\",\"@id\":\"https:\/\/prestige-chateaux-uzes.com\/en\/bareme\/#breadcrumb\",\"itemListElement\":[{\"@type\":\"ListItem\",\"position\":1,\"name\":\"Accueil\",\"item\":\"https:\/\/prestige-chateaux-uzes.com\/en\/\"},{\"@type\":\"ListItem\",\"position\":2,\"name\":\"Bar\u00e8me\"}]},{\"@type\":\"WebSite\",\"@id\":\"https:\/\/prestige-chateaux-uzes.com\/en\/#website\",\"url\":\"https:\/\/prestige-chateaux-uzes.com\/en\/\",\"name\":\"Tanya Cav\u00e9-Darbey, Prestige &amp; Ch\u00e2teaux\",\"description\":\"French luxury real-estate in Provence, Uz\u00e8s, the Ceze Valley, Avignon and N\u00eemes\",\"publisher\":{\"@id\":\"https:\/\/prestige-chateaux-uzes.com\/en\/#organization\"},\"potentialAction\":[{\"@type\":\"SearchAction\",\"target\":{\"@type\":\"EntryPoint\",\"urlTemplate\":\"https:\/\/prestige-chateaux-uzes.com\/en\/?s={search_term_string}\"},\"query-input\":{\"@type\":\"PropertyValueSpecification\",\"valueRequired\":true,\"valueName\":\"search_term_string\"}}],\"inLanguage\":\"en-US\"},{\"@type\":\"Organization\",\"@id\":\"https:\/\/prestige-chateaux-uzes.com\/en\/#organization\",\"name\":\"Tanya Cav\u00e9 Darbey, Agent commercial Prestige & Ch\u00e2teaux\",\"url\":\"https:\/\/prestige-chateaux-uzes.com\/en\/\",\"logo\":{\"@type\":\"ImageObject\",\"inLanguage\":\"en-US\",\"@id\":\"https:\/\/prestige-chateaux-uzes.com\/en\/#\/schema\/logo\/image\/\",\"url\":\"http:\/\/prestige-chateaux-uzes.com\/wp-content\/uploads\/2018\/04\/logo-tanya-cave-darbey-black.png\",\"contentUrl\":\"http:\/\/prestige-chateaux-uzes.com\/wp-content\/uploads\/2018\/04\/logo-tanya-cave-darbey-black.png\",\"width\":300,\"height\":68,\"caption\":\"Tanya Cav\u00e9 Darbey, Agent commercial Prestige & Ch\u00e2teaux\"},\"image\":{\"@id\":\"https:\/\/prestige-chateaux-uzes.com\/en\/#\/schema\/logo\/image\/\"},\"sameAs\":[\"https:\/\/www.facebook.com\/TanyaCaveDarbey\/\",\"https:\/\/www.linkedin.com\/in\/tanya-cav\u00e9-darbey-3379a223\"]}]}<\/script>\n<!-- \/ Yoast SEO plugin. -->","yoast_head_json":{"title":"Rates | Tanya Cav\u00e9-Darbey, Prestige &amp; Ch\u00e2teaux","robots":{"index":"index","follow":"follow","max-snippet":"max-snippet:-1","max-image-preview":"max-image-preview:large","max-video-preview":"max-video-preview:-1"},"canonical":"https:\/\/prestige-chateaux-uzes.com\/en\/bareme\/","og_locale":"en_US","og_type":"article","og_title":"Rates | Tanya Cav\u00e9-Darbey, Prestige &amp; Ch\u00e2teaux","og_description":"Commission rates: II &#8211; TERRAINS : 11 % TTC III &#8211; \u201cPRESTIGE &amp; CH\u00c2TEAUX\u201d : Jusqu\u2019\u00e0 450 000 \u20ac\u00a0\u00a0\u00a0\u00a0\u00a0\u00a0\u00a0\u00a0\u00a0\u00a0\u00a0\u00a0\u00a0\u00a0\u00a0\u00a0\u00a0\u00a0\u00a0\u00a0\u00a0\u00a0\u00a0\u00a0\u00a0 6% TTC De 450 001 \u20ac \u00e0 1 800 000 \u20ac\u00a0\u00a0\u00a0\u00a0\u00a0\u00a0\u00a0 5% TTC Plus de 1 800 000 \u20ac \u00a0 \u00a0 \u00a0 \u00a0 \u00a0 \u00a0 \u00a0 \u00a0 \u00a0 \u00a0 \u00a0 5% TTC IV &#8211; VIAGERS :\u00a0\u00a0\u00a0\u00a0\u00a0\u00a0\u00a0\u00a0\u00a0\u00a0\u00a0\u00a0\u00a0\u00a0\u00a0\u00a0\u00a0\u00a0\u00a0\u00a0\u00a0\u00a0\u00a0\u00a0\u00a0\u00a0\u00a0\u00a0\u00a0\u00a0...","og_url":"https:\/\/prestige-chateaux-uzes.com\/en\/bareme\/","og_site_name":"Tanya Cav\u00e9-Darbey, Prestige &amp; Ch\u00e2teaux","article_publisher":"https:\/\/www.facebook.com\/TanyaCaveDarbey\/","article_modified_time":"2023-01-03T11:01:00+00:00","twitter_card":"summary_large_image","twitter_misc":{"Est. reading time":"1 minute"},"schema":{"@context":"https:\/\/schema.org","@graph":[{"@type":"WebPage","@id":"https:\/\/prestige-chateaux-uzes.com\/en\/bareme\/","url":"https:\/\/prestige-chateaux-uzes.com\/en\/bareme\/","name":"Rates | Tanya Cav\u00e9-Darbey, Prestige &amp; Ch\u00e2teaux","isPartOf":{"@id":"https:\/\/prestige-chateaux-uzes.com\/en\/#website"},"datePublished":"2018-04-17T09:22:02+00:00","dateModified":"2023-01-03T11:01:00+00:00","breadcrumb":{"@id":"https:\/\/prestige-chateaux-uzes.com\/en\/bareme\/#breadcrumb"},"inLanguage":"en-US","potentialAction":[{"@type":"ReadAction","target":[["https:\/\/prestige-chateaux-uzes.com\/en\/bareme\/"]]}]},{"@type":"BreadcrumbList","@id":"https:\/\/prestige-chateaux-uzes.com\/en\/bareme\/#breadcrumb","itemListElement":[{"@type":"ListItem","position":1,"name":"Accueil","item":"https:\/\/prestige-chateaux-uzes.com\/en\/"},{"@type":"ListItem","position":2,"name":"Bar\u00e8me"}]},{"@type":"WebSite","@id":"https:\/\/prestige-chateaux-uzes.com\/en\/#website","url":"https:\/\/prestige-chateaux-uzes.com\/en\/","name":"Tanya Cav\u00e9-Darbey, Prestige &amp; Ch\u00e2teaux","description":"French luxury real-estate in Provence, Uz\u00e8s, the Ceze Valley, Avignon and N\u00eemes","publisher":{"@id":"https:\/\/prestige-chateaux-uzes.com\/en\/#organization"},"potentialAction":[{"@type":"SearchAction","target":{"@type":"EntryPoint","urlTemplate":"https:\/\/prestige-chateaux-uzes.com\/en\/?s={search_term_string}"},"query-input":{"@type":"PropertyValueSpecification","valueRequired":true,"valueName":"search_term_string"}}],"inLanguage":"en-US"},{"@type":"Organization","@id":"https:\/\/prestige-chateaux-uzes.com\/en\/#organization","name":"Tanya Cav\u00e9 Darbey, Agent commercial Prestige & Ch\u00e2teaux","url":"https:\/\/prestige-chateaux-uzes.com\/en\/","logo":{"@type":"ImageObject","inLanguage":"en-US","@id":"https:\/\/prestige-chateaux-uzes.com\/en\/#\/schema\/logo\/image\/","url":"http:\/\/prestige-chateaux-uzes.com\/wp-content\/uploads\/2018\/04\/logo-tanya-cave-darbey-black.png","contentUrl":"http:\/\/prestige-chateaux-uzes.com\/wp-content\/uploads\/2018\/04\/logo-tanya-cave-darbey-black.png","width":300,"height":68,"caption":"Tanya Cav\u00e9 Darbey, Agent commercial Prestige & Ch\u00e2teaux"},"image":{"@id":"https:\/\/prestige-chateaux-uzes.com\/en\/#\/schema\/logo\/image\/"},"sameAs":["https:\/\/www.facebook.com\/TanyaCaveDarbey\/","https:\/\/www.linkedin.com\/in\/tanya-cav\u00e9-darbey-3379a223"]}]}},"_links":{"self":[{"href":"https:\/\/prestige-chateaux-uzes.com\/en\/wp-json\/wp\/v2\/pages\/4583"}],"collection":[{"href":"https:\/\/prestige-chateaux-uzes.com\/en\/wp-json\/wp\/v2\/pages"}],"about":[{"href":"https:\/\/prestige-chateaux-uzes.com\/en\/wp-json\/wp\/v2\/types\/page"}],"author":[{"embeddable":true,"href":"https:\/\/prestige-chateaux-uzes.com\/en\/wp-json\/wp\/v2\/users\/382"}],"replies":[{"embeddable":true,"href":"https:\/\/prestige-chateaux-uzes.com\/en\/wp-json\/wp\/v2\/comments?post=4583"}],"version-history":[{"count":3,"href":"https:\/\/prestige-chateaux-uzes.com\/en\/wp-json\/wp\/v2\/pages\/4583\/revisions"}],"predecessor-version":[{"id":9842,"href":"https:\/\/prestige-chateaux-uzes.com\/en\/wp-json\/wp\/v2\/pages\/4583\/revisions\/9842"}],"wp:attachment":[{"href":"https:\/\/prestige-chateaux-uzes.com\/en\/wp-json\/wp\/v2\/media?parent=4583"}],"curies":[{"name":"wp","href":"https:\/\/api.w.org\/{rel}","templated":true}]}}