{"id":105,"date":"2017-06-23T12:03:36","date_gmt":"2017-06-23T12:03:36","guid":{"rendered":"http:\/\/inspirythemesdemo.com\/realplaces\/?page_id=105"},"modified":"2022-10-18T13:06:45","modified_gmt":"2022-10-18T11:06:45","slug":"home","status":"publish","type":"page","link":"https:\/\/prestige-chateaux-uzes.com\/en\/","title":{"rendered":"Home"},"content":{"rendered":"","protected":false},"excerpt":{"rendered":"","protected":false},"author":382,"featured_media":0,"parent":0,"menu_order":0,"comment_status":"open","ping_status":"closed","template":"templates\/home.php","meta":{"_monsterinsights_skip_tracking":false,"_monsterinsights_sitenote_active":false,"_monsterinsights_sitenote_note":"","_monsterinsights_sitenote_category":0,"footnotes":""},"class_list":["post-105","page","type-page","status-publish","hentry"],"yoast_head":"<!-- This site is optimized with the Yoast SEO plugin v23.5 - https:\/\/yoast.com\/wordpress\/plugins\/seo\/ -->\n<title>Tanya Cav\u00e9-Darbey Prestige &amp; Chateaux: Properties around Uz\u00e8s<\/title>\n<meta name=\"description\" content=\"Selection of charming properties, character and prestige in Uz\u00e8s and the surrounding area: the C\u00e8ze Valley up to Avignon, N\u00eemes and the Alpilles\" \/>\n<meta name=\"robots\" content=\"index, follow, max-snippet:-1, max-image-preview:large, max-video-preview:-1\" \/>\n<link rel=\"canonical\" href=\"https:\/\/prestige-chateaux-uzes.com\/en\/\" \/>\n<meta property=\"og:locale\" content=\"en_US\" \/>\n<meta property=\"og:type\" content=\"article\" \/>\n<meta property=\"og:title\" content=\"Tanya Cav\u00e9-Darbey Prestige &amp; Chateaux: Properties around Uz\u00e8s\" \/>\n<meta property=\"og:description\" content=\"Selection of charming properties, character and prestige in Uz\u00e8s and the surrounding area: the C\u00e8ze Valley up to Avignon, N\u00eemes and the Alpilles\" \/>\n<meta property=\"og:url\" content=\"https:\/\/prestige-chateaux-uzes.com\/en\/\" \/>\n<meta property=\"og:site_name\" content=\"Tanya Cav\u00e9-Darbey, Prestige &amp; Ch\u00e2teaux\" \/>\n<meta property=\"article:publisher\" content=\"https:\/\/www.facebook.com\/TanyaCaveDarbey\/\" \/>\n<meta property=\"article:modified_time\" content=\"2022-10-18T11:06:45+00:00\" \/>\n<meta name=\"twitter:card\" content=\"summary_large_image\" \/>\n<script type=\"application\/ld+json\" class=\"yoast-schema-graph\">{\"@context\":\"https:\/\/schema.org\",\"@graph\":[{\"@type\":\"WebPage\",\"@id\":\"https:\/\/prestige-chateaux-uzes.com\/en\/\",\"url\":\"https:\/\/prestige-chateaux-uzes.com\/en\/\",\"name\":\"Tanya Cav\u00e9-Darbey Prestige & Chateaux: Properties around Uz\u00e8s\",\"isPartOf\":{\"@id\":\"https:\/\/prestige-chateaux-uzes.com\/en\/#website\"},\"datePublished\":\"2017-06-23T12:03:36+00:00\",\"dateModified\":\"2022-10-18T11:06:45+00:00\",\"description\":\"Selection of charming properties, character and prestige in Uz\u00e8s and the surrounding area: the C\u00e8ze Valley up to Avignon, N\u00eemes and the Alpilles\",\"breadcrumb\":{\"@id\":\"https:\/\/prestige-chateaux-uzes.com\/en\/#breadcrumb\"},\"inLanguage\":\"en-US\",\"potentialAction\":[{\"@type\":\"ReadAction\",\"target\":[[\"https:\/\/prestige-chateaux-uzes.com\/en\/\"]]}]},{\"@type\":\"BreadcrumbList\",\"@id\":\"https:\/\/prestige-chateaux-uzes.com\/en\/#breadcrumb\",\"itemListElement\":[{\"@type\":\"ListItem\",\"position\":1,\"name\":\"Accueil\",\"item\":\"https:\/\/prestige-chateaux-uzes.com\/en\/\"},{\"@type\":\"ListItem\",\"position\":2,\"name\":\"Home\"}]},{\"@type\":\"WebSite\",\"@id\":\"https:\/\/prestige-chateaux-uzes.com\/en\/#website\",\"url\":\"https:\/\/prestige-chateaux-uzes.com\/en\/\",\"name\":\"Tanya Cav\u00e9-Darbey, Prestige &amp; Ch\u00e2teaux\",\"description\":\"French luxury real-estate in Provence, Uz\u00e8s, the Ceze Valley, Avignon and N\u00eemes\",\"publisher\":{\"@id\":\"https:\/\/prestige-chateaux-uzes.com\/en\/#organization\"},\"potentialAction\":[{\"@type\":\"SearchAction\",\"target\":{\"@type\":\"EntryPoint\",\"urlTemplate\":\"https:\/\/prestige-chateaux-uzes.com\/en\/?s={search_term_string}\"},\"query-input\":{\"@type\":\"PropertyValueSpecification\",\"valueRequired\":true,\"valueName\":\"search_term_string\"}}],\"inLanguage\":\"en-US\"},{\"@type\":\"Organization\",\"@id\":\"https:\/\/prestige-chateaux-uzes.com\/en\/#organization\",\"name\":\"Tanya Cav\u00e9 Darbey, Agent commercial Prestige & Ch\u00e2teaux\",\"url\":\"https:\/\/prestige-chateaux-uzes.com\/en\/\",\"logo\":{\"@type\":\"ImageObject\",\"inLanguage\":\"en-US\",\"@id\":\"https:\/\/prestige-chateaux-uzes.com\/en\/#\/schema\/logo\/image\/\",\"url\":\"http:\/\/prestige-chateaux-uzes.com\/wp-content\/uploads\/2018\/04\/logo-tanya-cave-darbey-black.png\",\"contentUrl\":\"http:\/\/prestige-chateaux-uzes.com\/wp-content\/uploads\/2018\/04\/logo-tanya-cave-darbey-black.png\",\"width\":300,\"height\":68,\"caption\":\"Tanya Cav\u00e9 Darbey, Agent commercial Prestige & Ch\u00e2teaux\"},\"image\":{\"@id\":\"https:\/\/prestige-chateaux-uzes.com\/en\/#\/schema\/logo\/image\/\"},\"sameAs\":[\"https:\/\/www.facebook.com\/TanyaCaveDarbey\/\",\"https:\/\/www.linkedin.com\/in\/tanya-cav\u00e9-darbey-3379a223\"]}]}<\/script>\n<!-- \/ Yoast SEO plugin. -->","yoast_head_json":{"title":"Tanya Cav\u00e9-Darbey Prestige & Chateaux: Properties around Uz\u00e8s","description":"Selection of charming properties, character and prestige in Uz\u00e8s and the surrounding area: the C\u00e8ze Valley up to Avignon, N\u00eemes and the Alpilles","robots":{"index":"index","follow":"follow","max-snippet":"max-snippet:-1","max-image-preview":"max-image-preview:large","max-video-preview":"max-video-preview:-1"},"canonical":"https:\/\/prestige-chateaux-uzes.com\/en\/","og_locale":"en_US","og_type":"article","og_title":"Tanya Cav\u00e9-Darbey Prestige & Chateaux: Properties around Uz\u00e8s","og_description":"Selection of charming properties, character and prestige in Uz\u00e8s and the surrounding area: the C\u00e8ze Valley up to Avignon, N\u00eemes and the Alpilles","og_url":"https:\/\/prestige-chateaux-uzes.com\/en\/","og_site_name":"Tanya Cav\u00e9-Darbey, Prestige &amp; Ch\u00e2teaux","article_publisher":"https:\/\/www.facebook.com\/TanyaCaveDarbey\/","article_modified_time":"2022-10-18T11:06:45+00:00","twitter_card":"summary_large_image","schema":{"@context":"https:\/\/schema.org","@graph":[{"@type":"WebPage","@id":"https:\/\/prestige-chateaux-uzes.com\/en\/","url":"https:\/\/prestige-chateaux-uzes.com\/en\/","name":"Tanya Cav\u00e9-Darbey Prestige & Chateaux: Properties around Uz\u00e8s","isPartOf":{"@id":"https:\/\/prestige-chateaux-uzes.com\/en\/#website"},"datePublished":"2017-06-23T12:03:36+00:00","dateModified":"2022-10-18T11:06:45+00:00","description":"Selection of charming properties, character and prestige in Uz\u00e8s and the surrounding area: the C\u00e8ze Valley up to Avignon, N\u00eemes and the Alpilles","breadcrumb":{"@id":"https:\/\/prestige-chateaux-uzes.com\/en\/#breadcrumb"},"inLanguage":"en-US","potentialAction":[{"@type":"ReadAction","target":[["https:\/\/prestige-chateaux-uzes.com\/en\/"]]}]},{"@type":"BreadcrumbList","@id":"https:\/\/prestige-chateaux-uzes.com\/en\/#breadcrumb","itemListElement":[{"@type":"ListItem","position":1,"name":"Accueil","item":"https:\/\/prestige-chateaux-uzes.com\/en\/"},{"@type":"ListItem","position":2,"name":"Home"}]},{"@type":"WebSite","@id":"https:\/\/prestige-chateaux-uzes.com\/en\/#website","url":"https:\/\/prestige-chateaux-uzes.com\/en\/","name":"Tanya Cav\u00e9-Darbey, Prestige &amp; Ch\u00e2teaux","description":"French luxury real-estate in Provence, Uz\u00e8s, the Ceze Valley, Avignon and N\u00eemes","publisher":{"@id":"https:\/\/prestige-chateaux-uzes.com\/en\/#organization"},"potentialAction":[{"@type":"SearchAction","target":{"@type":"EntryPoint","urlTemplate":"https:\/\/prestige-chateaux-uzes.com\/en\/?s={search_term_string}"},"query-input":{"@type":"PropertyValueSpecification","valueRequired":true,"valueName":"search_term_string"}}],"inLanguage":"en-US"},{"@type":"Organization","@id":"https:\/\/prestige-chateaux-uzes.com\/en\/#organization","name":"Tanya Cav\u00e9 Darbey, Agent commercial Prestige & Ch\u00e2teaux","url":"https:\/\/prestige-chateaux-uzes.com\/en\/","logo":{"@type":"ImageObject","inLanguage":"en-US","@id":"https:\/\/prestige-chateaux-uzes.com\/en\/#\/schema\/logo\/image\/","url":"http:\/\/prestige-chateaux-uzes.com\/wp-content\/uploads\/2018\/04\/logo-tanya-cave-darbey-black.png","contentUrl":"http:\/\/prestige-chateaux-uzes.com\/wp-content\/uploads\/2018\/04\/logo-tanya-cave-darbey-black.png","width":300,"height":68,"caption":"Tanya Cav\u00e9 Darbey, Agent commercial Prestige & Ch\u00e2teaux"},"image":{"@id":"https:\/\/prestige-chateaux-uzes.com\/en\/#\/schema\/logo\/image\/"},"sameAs":["https:\/\/www.facebook.com\/TanyaCaveDarbey\/","https:\/\/www.linkedin.com\/in\/tanya-cav\u00e9-darbey-3379a223"]}]}},"_links":{"self":[{"href":"https:\/\/prestige-chateaux-uzes.com\/en\/wp-json\/wp\/v2\/pages\/105"}],"collection":[{"href":"https:\/\/prestige-chateaux-uzes.com\/en\/wp-json\/wp\/v2\/pages"}],"about":[{"href":"https:\/\/prestige-chateaux-uzes.com\/en\/wp-json\/wp\/v2\/types\/page"}],"author":[{"embeddable":true,"href":"https:\/\/prestige-chateaux-uzes.com\/en\/wp-json\/wp\/v2\/users\/382"}],"replies":[{"embeddable":true,"href":"https:\/\/prestige-chateaux-uzes.com\/en\/wp-json\/wp\/v2\/comments?post=105"}],"version-history":[{"count":1,"href":"https:\/\/prestige-chateaux-uzes.com\/en\/wp-json\/wp\/v2\/pages\/105\/revisions"}],"predecessor-version":[{"id":9563,"href":"https:\/\/prestige-chateaux-uzes.com\/en\/wp-json\/wp\/v2\/pages\/105\/revisions\/9563"}],"wp:attachment":[{"href":"https:\/\/prestige-chateaux-uzes.com\/en\/wp-json\/wp\/v2\/media?parent=105"}],"curies":[{"name":"wp","href":"https:\/\/api.w.org\/{rel}","templated":true}]}}